{"id":9,"date":"2019-04-29T14:12:47","date_gmt":"2019-04-29T12:12:47","guid":{"rendered":"https:\/\/www.doubleq.de\/?page_id=9"},"modified":"2020-04-20T17:03:04","modified_gmt":"2020-04-20T15:03:04","slug":"karriere","status":"publish","type":"page","link":"https:\/\/www.doubleq.de\/de\/karriere\/","title":{"rendered":"Karriere"},"content":{"rendered":"\n<h2 class=\"has-text-align-center wp-block-heading\">Du willst bei uns arbeiten?<\/h2>\n\n\n\n<p class=\"has-text-align-center\">Alle Kollegen identifizieren sich intensiv mit der Double Q GmbH. Das muss seine Gr\u00fcnde haben. <br><br>Wir sind ein interdisziplin\u00e4res Team und alle Kolleginnen und Kollegen,  egal ob F\u00fchrungskraft oder Einsteiger \u2013profitieren vom Wissen jedes  Einzelnen.<br><br>Der ganzheitliche Projektierungsansatz bringt von Anfang an kreative  K\u00f6pfe aus verschiedenen Disziplinen zusammen. Das bringt unsere Kunden  und uns selbst sowie Projekt effektiv weiter. Der Blick \u00fcber den  Tellerrand und das tiefe Verst\u00e4ndnis f\u00fcr Marke sowie einen  Markenauftritt sorgen einfach f\u00fcr mehr Spa\u00df und Zufriedenheit sowie eine  spannende Identifikation mit den Projekten und Produkten. Und darum  geht es doch.<br><br>Einsteiger k\u00f6nnen fr\u00fch Verantwortung \u00fcbernehmen, sind nah am Kunden und  bringen dort von Anfang an Ihr Wissen ein. Der Sprung ins kalte Wasser  ist oft die beste Fortbildung. Gleichzeitig achten wir darauf, dass  immer ein erfahrener Kollege am Beckenrand steht.<\/p>\n\n\n\n<div style=\"height:40px\" aria-hidden=\"true\" class=\"wp-block-spacer trenner\"><\/div>\n\n\n\n<h2 class=\"has-text-align-center wp-block-heading\">Offene Stellen<\/h2>\n\n\n\n<p><\/p>\n\n\n\n<div style=\"background-color:#a6c61e\" class=\"wp-block-atomic-blocks-ab-container stellenanzeige ab-block-container\"><div class=\"ab-container-inside\"><div class=\"ab-container-content\" style=\"max-width:1600px\">\n<h2 class=\"has-text-align-center wp-block-heading\">Monteur f\u00fcr den Bereich<br>Messe\/PoS\/Display (m\/w\/d)<\/h2>\n\n\n\n<p class=\"has-text-align-center\">Selbstst\u00e4ndige Durchf\u00fchrung von bundesweiten Montagen und Pflege- t\u00e4tigkeiten nach Kundenauftrag <\/p>\n\n\n\n<p class=\"has-text-align-center\"><a href=\"https:\/\/www.doubleq.de\/wp-content\/uploads\/2019\/11\/191113_DG-Monteur.pdf\">Details<\/a><\/p>\n<\/div><\/div><\/div>\n","protected":false},"excerpt":{"rendered":"<p>Du willst bei uns arbeiten? Alle Kollegen identifizieren sich intensiv mit der Double Q GmbH. Das muss seine Gr\u00fcnde haben. Wir sind ein interdisziplin\u00e4res Team und alle Kolleginnen und Kollegen, egal ob F\u00fchrungskraft oder Einsteiger \u2013profitieren vom Wissen jedes Einzelnen. Der ganzheitliche Projektierungsansatz bringt von Anfang an kreative K\u00f6pfe aus verschiedenen Disziplinen zusammen. Das bringt unsere Kunden und uns selbst &#8230; <\/p>\n<div><a href=\"https:\/\/www.doubleq.de\/de\/karriere\/\" class=\"more-link\">Read More<\/a><\/div>\n","protected":false},"author":2,"featured_media":30,"parent":0,"menu_order":20,"comment_status":"closed","ping_status":"closed","template":"template-blank-1.php","meta":{"ghostkit_customizer_options":"","ghostkit_custom_css":"","ghostkit_custom_js_head":"","ghostkit_custom_js_foot":"","ghostkit_typography":"","footnotes":""},"class_list":["post-9","page","type-page","status-publish","has-post-thumbnail","hentry"],"featured_image_src":"https:\/\/www.doubleq.de\/wp-content\/uploads\/2019\/04\/QQ_Logo2x.png","featured_image_src_square":"https:\/\/www.doubleq.de\/wp-content\/uploads\/2019\/04\/QQ_Logo2x.png","_links":{"self":[{"href":"https:\/\/www.doubleq.de\/de\/wp-json\/wp\/v2\/pages\/9","targetHints":{"allow":["GET"]}}],"collection":[{"href":"https:\/\/www.doubleq.de\/de\/wp-json\/wp\/v2\/pages"}],"about":[{"href":"https:\/\/www.doubleq.de\/de\/wp-json\/wp\/v2\/types\/page"}],"author":[{"embeddable":true,"href":"https:\/\/www.doubleq.de\/de\/wp-json\/wp\/v2\/users\/2"}],"replies":[{"embeddable":true,"href":"https:\/\/www.doubleq.de\/de\/wp-json\/wp\/v2\/comments?post=9"}],"version-history":[{"count":7,"href":"https:\/\/www.doubleq.de\/de\/wp-json\/wp\/v2\/pages\/9\/revisions"}],"predecessor-version":[{"id":508,"href":"https:\/\/www.doubleq.de\/de\/wp-json\/wp\/v2\/pages\/9\/revisions\/508"}],"wp:featuredmedia":[{"embeddable":true,"href":"https:\/\/www.doubleq.de\/de\/wp-json\/wp\/v2\/media\/30"}],"wp:attachment":[{"href":"https:\/\/www.doubleq.de\/de\/wp-json\/wp\/v2\/media?parent=9"}],"curies":[{"name":"wp","href":"https:\/\/api.w.org\/{rel}","templated":true}]}}