{"id":7,"date":"2019-04-29T14:12:29","date_gmt":"2019-04-29T12:12:29","guid":{"rendered":"https:\/\/www.doubleq.de\/?page_id=7"},"modified":"2025-09-26T16:00:33","modified_gmt":"2025-09-26T14:00:33","slug":"pressekontakt","status":"publish","type":"page","link":"https:\/\/www.doubleq.de\/de\/pressekontakt\/","title":{"rendered":"Pressekontakt"},"content":{"rendered":"\n<h2 class=\"wp-block-heading has-text-align-center\" id=\"kontakt-fur-presseanfragen\">Kontakt f\u00fcr Presseanfragen<\/h2>\n\n\n\n<p class=\"has-text-align-center\">Wir freuen uns \u00fcber Presseanfragen rund um Double Q und unterst\u00fctzen Sie gerne bei&nbsp;Ihrer&nbsp;Arbeit.<\/p>\n\n\n\n<div style=\"height:40px\" aria-hidden=\"true\" class=\"wp-block-spacer trenner\"><\/div>\n\n\n\n<div class=\"wp-block-atomic-blocks-ab-columns contact-box ab-layout-columns-1 one-column\"><div class=\"ab-layout-column-wrap ab-block-layout-column-gap-0 ab-is-responsive-column\">\n<div class=\"wp-block-atomic-blocks-ab-column ab-block-layout-column\"><div class=\"ab-block-layout-column-inner\"><div class=\"wp-block-image\">\n<figure class=\"aligncenter size-large\"><img loading=\"lazy\" decoding=\"async\" width=\"650\" height=\"480\" src=\"https:\/\/www.doubleq.de\/wp-content\/uploads\/2020\/01\/Ebru-baltaci-doubleq.jpg\" alt=\"\" class=\"wp-image-423\" srcset=\"https:\/\/www.doubleq.de\/wp-content\/uploads\/2020\/01\/Ebru-baltaci-doubleq.jpg 650w, https:\/\/www.doubleq.de\/wp-content\/uploads\/2020\/01\/Ebru-baltaci-doubleq-300x222.jpg 300w, https:\/\/www.doubleq.de\/wp-content\/uploads\/2020\/01\/Ebru-baltaci-doubleq-100x74.jpg 100w\" sizes=\"auto, (max-width: 650px) 100vw, 650px\" \/><\/figure>\n<\/div>\n\n\n<div class=\"wp-block-atomic-blocks-ab-container contact-box-wrap ab-block-container\"><div class=\"ab-container-inside\"><div class=\"ab-container-content\" style=\"max-width:1600px\">\n<p class=\"has-text-align-center h5\"><strong>Presseanfragen<\/strong><\/p>\n\n\n\n<h4 class=\"wp-block-heading has-text-align-center\" id=\"ebru-baltaci\">Ebru Baltaci<\/h4>\n\n\n\n<p class=\"has-text-align-center h5\"><a href=\"tel:00494046779619\">+49 40 46 77 96 19<\/a><\/p>\n<\/div><\/div><\/div>\n<\/div><\/div>\n<\/div><\/div>\n","protected":false},"excerpt":{"rendered":"<p>Kontakt f\u00fcr Presseanfragen Wir freuen uns \u00fcber Presseanfragen rund um Double Q und unterst\u00fctzen Sie gerne bei&nbsp;Ihrer&nbsp;Arbeit.<\/p>\n","protected":false},"author":1,"featured_media":0,"parent":0,"menu_order":10,"comment_status":"closed","ping_status":"closed","template":"template-blank-1.php","meta":{"ghostkit_customizer_options":"","ghostkit_custom_css":"","ghostkit_custom_js_head":"","ghostkit_custom_js_foot":"","ghostkit_typography":"","footnotes":""},"class_list":["post-7","page","type-page","status-publish","hentry","no-post-thumbnail"],"featured_image_src":null,"featured_image_src_square":null,"_links":{"self":[{"href":"https:\/\/www.doubleq.de\/de\/wp-json\/wp\/v2\/pages\/7","targetHints":{"allow":["GET"]}}],"collection":[{"href":"https:\/\/www.doubleq.de\/de\/wp-json\/wp\/v2\/pages"}],"about":[{"href":"https:\/\/www.doubleq.de\/de\/wp-json\/wp\/v2\/types\/page"}],"author":[{"embeddable":true,"href":"https:\/\/www.doubleq.de\/de\/wp-json\/wp\/v2\/users\/1"}],"replies":[{"embeddable":true,"href":"https:\/\/www.doubleq.de\/de\/wp-json\/wp\/v2\/comments?post=7"}],"version-history":[{"count":5,"href":"https:\/\/www.doubleq.de\/de\/wp-json\/wp\/v2\/pages\/7\/revisions"}],"predecessor-version":[{"id":568,"href":"https:\/\/www.doubleq.de\/de\/wp-json\/wp\/v2\/pages\/7\/revisions\/568"}],"wp:attachment":[{"href":"https:\/\/www.doubleq.de\/de\/wp-json\/wp\/v2\/media?parent=7"}],"curies":[{"name":"wp","href":"https:\/\/api.w.org\/{rel}","templated":true}]}}