{"id":11,"date":"2019-04-29T14:13:06","date_gmt":"2019-04-29T12:13:06","guid":{"rendered":"https:\/\/www.doubleq.de\/?page_id=11"},"modified":"2025-09-26T15:57:09","modified_gmt":"2025-09-26T13:57:09","slug":"impressum","status":"publish","type":"page","link":"https:\/\/www.doubleq.de\/de\/impressum\/","title":{"rendered":"Impressum"},"content":{"rendered":"\n<h2 class=\"wp-block-heading\" id=\"impressum\">Impressum<\/h2>\n\n\n\n<p>Wir freuen uns, dass Sie unsere Homepage besuchen und bedanken uns f\u00fcr Ihr Interesse an unseren Unternehmen.<br>Bitte beachten Sie bei der Nutzung dieser Webseite die folgenden Hinweise:<\/p>\n\n\n\n<h3 class=\"wp-block-heading\" id=\"datenschutz\">Datenschutz<\/h3>\n\n\n\n<p>Wir m\u00f6chten Sie darauf aufmerksam machen, dass nicht personenbezogene Daten unter anderem zu Sicherheits-, Marketing- und System\u00fcberwachungszwecken analysiert werden k\u00f6nnen.<\/p>\n\n\n\n<p>Sollten Sie der Double Q GmbH f\u00fcr Zweckbestimmungen des Vertrages personenbezogene Daten \u00fcbermitteln, z.B. damit Fragen beantwortet werden k\u00f6nnen, Korrespondenz abgewickelt oder eine Bestellung ausgef\u00fchrt werden kann, so werden diese  ausschlie\u00dflich unter strengster Einhaltung der gesetzlichen  Vorschriften verwendet.<br>Bitte beachten Sie, dass die Double Q GmbH allein f\u00fcr die Gew\u00e4hrleistung  des Datenschutzes im Rahmen der Nutzung dieser Sites zust\u00e4ndig ist. Diese Datenschutzerkl\u00e4rung gilt nicht f\u00fcr die Webseiten anderer Dienstanbieter, auch wenn auf diese durch einen Link verwiesen wird.<\/p>\n\n\n\n<h3 class=\"wp-block-heading\" id=\"hinweise-zum-inhalt\">Hinweise zum Inhalt<\/h3>\n\n\n\n<p>Wir weisen ausdr\u00fccklich darauf hin, dass die auf diesen Sites enthaltenen Informationen ausschlie\u00dflich Informationszwecken dienen. Sie sind unverbindlich und stellen kein Angebot zum Vertragsschluss dar.<br>F\u00fcr den Inhalt von anderen Webseiten \u00fcbernimmt die Double Q GmbH keine  Gew\u00e4hr, unabh\u00e4ngig davon, ob solche auf die Sites der Double Q GmbH verweisen oder ob auf solche von diesen Sites verwiesen wird.<br>Das Herunterladen, Abspeichern oder Ausdrucken einzelner Sites und\/oder von Teilbereichen sowie Inhalten der Sites ist nur f\u00fcr den privaten Gebrauch gestattet.<br>Die Ver\u00e4nderung der Sites ist nur f\u00fcr den privaten Gebrauch und im Rahmen der dazu ausdr\u00fccklich vorgesehenen Foren gestattet.<br>Die \u00dcbernahme, Ver\u00e4nderung und Nutzung des Inhaltes der Sites zu anderen nicht privaten Zwecken bedarf immer der schriftlichen Einwilligung der Double Q GmbH. Etwaige Copyrightvermerke oder andere gesetzlich gesch\u00fctzte Bezeichnungen d\u00fcrfen nicht entfernt werden.<\/p>\n\n\n\n<p><br><br><strong>Double Q GmbH<\/strong><br>Hochallee 77, 20149 Hamburg<br>Gesch\u00e4ftsf\u00fchrer: Jan Hendriok<br>office@doubleq.de<br>Tel. 040-46 77 96 19<br>Amtsgericht Hamburg HRB 94467<br>UST-ID-Nr.: DE-245261195<\/p>\n","protected":false},"excerpt":{"rendered":"<p>Impressum Wir freuen uns, dass Sie unsere Homepage besuchen und bedanken uns f\u00fcr Ihr Interesse an unseren Unternehmen.Bitte beachten Sie bei der Nutzung dieser Webseite die folgenden Hinweise: Datenschutz Wir m\u00f6chten Sie darauf aufmerksam machen, dass nicht personenbezogene Daten unter anderem zu Sicherheits-, Marketing- und System\u00fcberwachungszwecken analysiert werden k\u00f6nnen. Sollten Sie der Double Q GmbH f\u00fcr Zweckbestimmungen des Vertrages personenbezogene &#8230; <\/p>\n<div><a href=\"https:\/\/www.doubleq.de\/de\/impressum\/\" class=\"more-link\">Read More<\/a><\/div>\n","protected":false},"author":1,"featured_media":0,"parent":0,"menu_order":30,"comment_status":"closed","ping_status":"closed","template":"template-blank-1.php","meta":{"ghostkit_customizer_options":"","ghostkit_custom_css":"","ghostkit_custom_js_head":"","ghostkit_custom_js_foot":"","ghostkit_typography":"","footnotes":""},"class_list":["post-11","page","type-page","status-publish","hentry","no-post-thumbnail"],"featured_image_src":null,"featured_image_src_square":null,"_links":{"self":[{"href":"https:\/\/www.doubleq.de\/de\/wp-json\/wp\/v2\/pages\/11","targetHints":{"allow":["GET"]}}],"collection":[{"href":"https:\/\/www.doubleq.de\/de\/wp-json\/wp\/v2\/pages"}],"about":[{"href":"https:\/\/www.doubleq.de\/de\/wp-json\/wp\/v2\/types\/page"}],"author":[{"embeddable":true,"href":"https:\/\/www.doubleq.de\/de\/wp-json\/wp\/v2\/users\/1"}],"replies":[{"embeddable":true,"href":"https:\/\/www.doubleq.de\/de\/wp-json\/wp\/v2\/comments?post=11"}],"version-history":[{"count":4,"href":"https:\/\/www.doubleq.de\/de\/wp-json\/wp\/v2\/pages\/11\/revisions"}],"predecessor-version":[{"id":564,"href":"https:\/\/www.doubleq.de\/de\/wp-json\/wp\/v2\/pages\/11\/revisions\/564"}],"wp:attachment":[{"href":"https:\/\/www.doubleq.de\/de\/wp-json\/wp\/v2\/media?parent=11"}],"curies":[{"name":"wp","href":"https:\/\/api.w.org\/{rel}","templated":true}]}}